{"id":11,"date":"2022-11-03T21:37:43","date_gmt":"2022-11-03T21:37:43","guid":{"rendered":"https:\/\/xdrones.ro\/?page_id=11"},"modified":"2025-01-21T09:59:48","modified_gmt":"2025-01-21T09:59:48","slug":"homepage","status":"publish","type":"page","link":"https:\/\/xdrones.ro\/en\/homepage\/","title":{"rendered":""},"content":{"rendered":"<h1>WE BRING THE AGRICULTURE OF THE FUTURE TO THE PRESENT<\/h1>\n\t<p>SERVICII COMPLETE DE DIAGNOZ\u0102, ERBICIDARE \u0218I TRATAMENTE FITOSANITARE CULTURI AGRICOLE<\/p>\n<h3>\n\t\tAGRICULTURAL CROPS DIAGNOSIS\n\t<\/h3>\n\t<ul>\n<li>High precision multispectral scanning of existing crops.<\/li>\n<li>Identifying potential problems that may exist in the soil and plantations.<\/li>\n<li>Very precise organization of the action plan and maps, consistent with the results obtained from the scans.<\/li>\n<li>Establishing optimal times for various agricultural operations.<\/li>\n<\/ul>\n\t<meta itemprop=\"url\" content=\"https:\/\/xdrones.ro\/wp-content\/uploads\/2025\/01\/AGR-A16-2020-Agriculture-Spray-Drone-Introduction-Video_1.mp4\" \/><div style=\"width: 640px;\" class=\"wp-video\"><video class=\"wp-video-shortcode\" id=\"video-11-1\" width=\"640\" height=\"360\" loop autoplay preload=\"metadata\" controls=\"controls\"><source type=\"video\/mp4\" src=\"https:\/\/xdrones.ro\/wp-content\/uploads\/2025\/01\/AGR-A16-2020-Agriculture-Spray-Drone-Introduction-Video_1.mp4?_=1\" \/><a href=\"https:\/\/xdrones.ro\/wp-content\/uploads\/2025\/01\/AGR-A16-2020-Agriculture-Spray-Drone-Introduction-Video_1.mp4\">https:\/\/xdrones.ro\/wp-content\/uploads\/2025\/01\/AGR-A16-2020-Agriculture-Spray-Drone-Introduction-Video_1.mp4<\/a><\/video><\/div>\n<h3>\n\t\tERBICIDARE &#038; TRATAMENTE FITOSANITARE CULTURI AGRICOLE\n\t<\/h3>\n\t<meta itemprop=\"url\" content=\"https:\/\/xdrones.ro\/wp-content\/uploads\/2025\/01\/AGR-A16-2020-Agriculture-Spray-Drone-Introduction-Video.mp4\" \/><div style=\"width: 640px;\" class=\"wp-video\"><video class=\"wp-video-shortcode\" id=\"video-11-2\" width=\"640\" height=\"360\" loop autoplay preload=\"metadata\" controls=\"controls\"><source type=\"video\/mp4\" src=\"https:\/\/xdrones.ro\/wp-content\/uploads\/2025\/01\/AGR-A16-2020-Agriculture-Spray-Drone-Introduction-Video.mp4?_=2\" \/><a href=\"https:\/\/xdrones.ro\/wp-content\/uploads\/2025\/01\/AGR-A16-2020-Agriculture-Spray-Drone-Introduction-Video.mp4\">https:\/\/xdrones.ro\/wp-content\/uploads\/2025\/01\/AGR-A16-2020-Agriculture-Spray-Drone-Introduction-Video.mp4<\/a><\/video><\/div>\n\t<p>Eficien\u021b\u0103 ridicat\u0103 \u0219i reducerea cantit\u0103\u021bii de substan\u021be chimice \u0219i ap\u0103 folosite (cu 30% mai pu\u021bine substan\u021be \u0219i cu p\u00e2n\u0103 la 90% mai pu\u021bin\u0103 ap\u0103).<\/p>\n<ul>\n<li>It sprays with high precision and automatically follows the programmed trajectory.<\/li>\n<\/ul>\n<ul>\n<li>Reducerea polu\u0103rii mediului prin faptul c\u0103 este\u00a0propulsat\u0103 electric \u0219i \u00eempra\u0219tie o cantitate mult mai mic\u0103\u00a0de produse chimice folosite.<\/li>\n<\/ul>\n<ul>\n<li>No maximum or minimum surface limits on which treatments can be performed.<\/li>\n<\/ul>\n<ul>\n<li>Performs chemical treatments on any type of surface, regardless of unevenness or soil moisture level.<\/li>\n<li>\u00centre 5 ha\/or\u0103 \u0219i 40 ha\/or\u0103 cu o singur\u0103 dron\u0103, \u00een func\u021bie de comasarea suprafe\u021belor, punerea la dispozi\u021bie a substan\u021belor, starea meteo, dozajul dorit a fi folosit &#8211; cantitatea de substan\u021b\u0103 activ\u0103 folosit\u0103 la hectar.<\/li>\n<li>Dispunem de o flot\u0103 de drone care pot acoperi p\u00e2n\u0103 la 800 ha\/zi.<\/li>\n<\/ul>\n\t\t\t\t<img fetchpriority=\"high\" decoding=\"async\" src=\"https:\/\/xdrones.ro\/wp-content\/uploads\/2023\/02\/Screenshot-2023-02-25-at-14.05.43-1536x997.png\" alt=\"xdrones-scanare-culturi-agricole\" itemprop=\"image\" height=\"779\" width=\"1200\" title=\"xdrones-scanare-culturi-agricole\" onerror=\"this.style.display='none'\"  \/>\n\t<p><strong>Folose\u0219te datele \u0219i analizele noastre pentru a-\u021bi ghida urm\u0103toarea ac\u021biune optim\u0103. Utilizeaz\u0103 raportarea pentru a captura cuno\u0219tin\u021be \u0219i a le \u00eemp\u0103rt\u0103\u0219i cu fermierii, folose\u0219te notific\u0103rile pentru a prioritiza resursele sau utilizeaz\u0103 alte instrumente de productivitate pentru a transforma analiza \u00een ac\u021biune. Men\u021bine pulsul sezonului cu acces la date \u00een formatul de care ai nevoie, c\u00e2nd ai nevoie &#8211; ajut\u00e2ndu-te s\u0103 iei decizii critice care s\u0103 conduc\u0103 la rezultate \u0219i o performan\u021b\u0103 crescut\u0103 a afacerii<\/strong>.<\/p>\n<h3>\n\t\tABOUT US\n\t<\/h3>\n\t<p>Suntem o companie care \u00ee\u0219i dore\u0219te modernizarea agriculturii \u00een Romania \u0219i venim \u00een ajutorul fermierilor cu tehnologie \u0219i servicii de ultim\u0103 generatie. Oferim solu\u021bii digitale f\u0103r\u0103 costuri de investi\u021bie, pentru un randament mai bun al culturilor.\u00a0Eficien\u021ba este cheia serviciilor cu care venim \u00een ajutorul clien\u021bilor nostri.<\/p>\n\t<meta itemprop=\"url\" content=\"https:\/\/xdrones.ro\/wp-content\/uploads\/2025\/01\/FILM-1-video-converter.com_.mp4\" \/><div style=\"width: 640px;\" class=\"wp-video\"><video class=\"wp-video-shortcode\" id=\"video-11-3\" width=\"640\" height=\"360\" loop autoplay preload=\"metadata\" controls=\"controls\"><source type=\"video\/mp4\" src=\"https:\/\/xdrones.ro\/wp-content\/uploads\/2025\/01\/FILM-1-video-converter.com_.mp4?_=3\" \/><a href=\"https:\/\/xdrones.ro\/wp-content\/uploads\/2025\/01\/FILM-1-video-converter.com_.mp4\">https:\/\/xdrones.ro\/wp-content\/uploads\/2025\/01\/FILM-1-video-converter.com_.mp4<\/a><\/video><\/div>\n<h3>\n\t\tCONTACT\n\t<\/h3>\n\t<iframe src=\"https:\/\/www.google.com\/maps\/embed\/v1\/place?q=Calea+Bucure%C8%99tilor+224E%2C+Otopeni&#038;key=AIzaSyD09zQ9PNDNNy9TadMuzRV_UsPUoWKntt8\" aria-hidden=\"true\"><\/iframe>","protected":false},"excerpt":{"rendered":"<p>ADUCEM \u00ceN PREZENT AGRICULTURA VIITORULUI SERVICII COMPLETE DE DIAGNOZ\u0102, ERBICIDARE \u0218I TRATAMENTE FITOSANITARE CULTURI AGRICOLE DIAGNOZ\u0102 CULTURI AGRICOLE Scanare multispectral\u0103 de mare precizie a culturilor existente. Identificarea poten\u021bialelor probleme care pot exista la nivelul\u00a0solului \u0219i planta\u021biilor. Organizare foarte precis\u0103 a planului \u0219i h\u0103r\u021bilor de ac\u021biune, \u00een concordan\u021b\u0103 cu rezultatele ob\u021binute \u00een urma scan\u0103rilor. Stabilirea timpilor [&hellip;]<\/p>","protected":false},"author":1,"featured_media":0,"parent":0,"menu_order":0,"comment_status":"closed","ping_status":"closed","template":"","meta":{"site-sidebar-layout":"default","site-content-layout":"","ast-site-content-layout":"","site-content-style":"default","site-sidebar-style":"default","ast-global-header-display":"","ast-banner-title-visibility":"","ast-main-header-display":"","ast-hfb-above-header-display":"","ast-hfb-below-header-display":"","ast-hfb-mobile-header-display":"","site-post-title":"","ast-breadcrumbs-content":"","ast-featured-img":"","footer-sml-layout":"","theme-transparent-header-meta":"","adv-header-id-meta":"","stick-header-meta":"","header-above-stick-meta":"","header-main-stick-meta":"","header-below-stick-meta":"","astra-migrate-meta-layouts":"default","ast-page-background-enabled":"default","ast-page-background-meta":{"desktop":{"background-color":"","background-image":"","background-repeat":"repeat","background-position":"center center","background-size":"auto","background-attachment":"scroll","background-type":"","background-media":"","overlay-type":"","overlay-color":"","overlay-opacity":"","overlay-gradient":""},"tablet":{"background-color":"","background-image":"","background-repeat":"repeat","background-position":"center center","background-size":"auto","background-attachment":"scroll","background-type":"","background-media":"","overlay-type":"","overlay-color":"","overlay-opacity":"","overlay-gradient":""},"mobile":{"background-color":"","background-image":"","background-repeat":"repeat","background-position":"center center","background-size":"auto","background-attachment":"scroll","background-type":"","background-media":"","overlay-type":"","overlay-color":"","overlay-opacity":"","overlay-gradient":""}},"ast-content-background-meta":{"desktop":{"background-color":"var(--ast-global-color-5)","background-image":"","background-repeat":"repeat","background-position":"center center","background-size":"auto","background-attachment":"scroll","background-type":"","background-media":"","overlay-type":"","overlay-color":"","overlay-opacity":"","overlay-gradient":""},"tablet":{"background-color":"var(--ast-global-color-5)","background-image":"","background-repeat":"repeat","background-position":"center center","background-size":"auto","background-attachment":"scroll","background-type":"","background-media":"","overlay-type":"","overlay-color":"","overlay-opacity":"","overlay-gradient":""},"mobile":{"background-color":"var(--ast-global-color-5)","background-image":"","background-repeat":"repeat","background-position":"center center","background-size":"auto","background-attachment":"scroll","background-type":"","background-media":"","overlay-type":"","overlay-color":"","overlay-opacity":"","overlay-gradient":""}},"footnotes":""},"class_list":["post-11","page","type-page","status-publish","hentry"],"aioseo_notices":[],"_links":{"self":[{"href":"https:\/\/xdrones.ro\/en\/wp-json\/wp\/v2\/pages\/11","targetHints":{"allow":["GET"]}}],"collection":[{"href":"https:\/\/xdrones.ro\/en\/wp-json\/wp\/v2\/pages"}],"about":[{"href":"https:\/\/xdrones.ro\/en\/wp-json\/wp\/v2\/types\/page"}],"author":[{"embeddable":true,"href":"https:\/\/xdrones.ro\/en\/wp-json\/wp\/v2\/users\/1"}],"replies":[{"embeddable":true,"href":"https:\/\/xdrones.ro\/en\/wp-json\/wp\/v2\/comments?post=11"}],"version-history":[{"count":50,"href":"https:\/\/xdrones.ro\/en\/wp-json\/wp\/v2\/pages\/11\/revisions"}],"predecessor-version":[{"id":133,"href":"https:\/\/xdrones.ro\/en\/wp-json\/wp\/v2\/pages\/11\/revisions\/133"}],"wp:attachment":[{"href":"https:\/\/xdrones.ro\/en\/wp-json\/wp\/v2\/media?parent=11"}],"curies":[{"name":"wp","href":"https:\/\/api.w.org\/{rel}","templated":true}]}}