{"id":56,"date":"2022-11-09T18:26:06","date_gmt":"2022-11-09T18:26:06","guid":{"rendered":"https:\/\/xdrones.ro\/?page_id=56"},"modified":"2023-01-04T12:06:37","modified_gmt":"2023-01-04T12:06:37","slug":"termenesiconditii","status":"publish","type":"page","link":"https:\/\/xdrones.ro\/en\/termenesiconditii\/","title":{"rendered":"TERMENE SI CONDITII"},"content":{"rendered":"<p><b>Condi\u021bii Generale pentru utilizarea site-ului XDRONES.RO<\/b>\u00a0<b>ACCEPTAREA CONDI\u021aIILOR<\/b><\/p>\n<p>Prin accesarea acestui site web \u0219i\/sau a oric\u0103rei pagini a acestuia sunte\u021bi de acord cu aceste condi\u021bii de utilizare. Dac\u0103 nu sunte\u021bi de acord cu ace\u0219ti termeni \u0219i condi\u021bii de utilizare, nu accesa\u021bi acest site.<\/p>\n<p>&nbsp;<\/p>\n<p><b>DESCRIEREA SERVICIILOR<\/b><\/p>\n<p>Siteul nostru v\u0103 pune la dispozi\u021bie informa\u021biile din acest site web \u00een scop informativ general \u0219i nu garanteaz\u0103 de exactitatea lor la un moment dat, de\u0219i se va \u00eencerca pe c\u00e2t posibil c\u0103 la publicarea lor pe site toate informa\u021biile s\u0103 fie exacte.<\/p>\n<p>&nbsp;<\/p>\n<p><b>INTRODUCERE<\/b><\/p>\n<p>Prezen\u021bele Condi\u021bii Generale definesc condi\u021biile de utilizare a site-ului XDRONES.RO de c\u0103tre poten\u021bialii vizitatori sau clien\u021bi. Acces\u00e2nd \u0219i navig\u00e2nd pe acest site, accepta\u021bi termenii de utilizare descri\u0219i \u00een continuare.<\/p>\n<p>&nbsp;<\/p>\n<p><b>DREPTURILE ASUPRA CON\u021aINUTULUI SITE-ULUI<\/b><\/p>\n<p>SPACE X DRONES SRL (denumit\u0103 \u00een continuare SPACE X DRONES SRL ), nu va transfer\u0103 titlul de proprietate asupra aplic\u0103\u021biilor software.SPACE X DRONES SRL de\u021bine drepturi complete \u0219i depline asupra titlului de proprietate \u0219i prin aceast\u0103 toate drepturile de autor \u0219i cele brevetate. Nu ave\u021bi dreptul s\u0103 redistribui\u021bi, vinde\u021bi, decompilati, dezasamblati aplic\u0103\u021bia software \u00eentr-o form\u0103 perceptibil\u0103 de c\u0103tre oameni.Toate informa\u021biile, produsele sau aplic\u0103\u021biile con\u021binute \u00een acest site sunt proprietatea SPACE X DRONES SRL, care \u00ee\u0219i rezerv\u0103 dreptul de a modifica con\u021binutul \u0219i\/sau structura site-ului \u00een orice moment \u0219i f\u0103r\u0103 nici o informare prealabil\u0103.\u00centregul con\u021binut al site-ului XDRONES.RO este protejat prin legea drepturilor de autor, toate drepturile fiind rezervate. Toate drepturile referitoare la pagini, con\u021binutul \u0219i prezentarea site-ului sunt de\u021binute de SPACE X DRONES SRL. Este interzis\u0103 copierea, modificarea, afi\u0219area, distribuirea, transmiterea, publicarea, comercializarea, licen\u021bierea, crearea unor materiale derivate sau utilizarea con\u021binutului site-ului \u00een orice scop f\u0103r\u0103 confirmarea scris\u0103 din partea SPACE X DRONES SRL.Accesul \u0219i utilizarea paginii XDRONES.RO sunt gratuite \u0219i au scopul de a veni \u00een ajutorul utilizatorilor pentru a g\u0103\u0219i informa\u021biile necesare \u00een cel mai u\u0219or \u0219i rapid mod posibil, conform cerin\u021belor fiec\u0103ruia.Informa\u021biile prezente pe XDRONES.RO sunt de interes general \u0219i sunt puse la dispozi\u021bia utilizatorilor \u00een mod gratuit. Prin termenul \u201eutilizator&#8221; al acestei pagini se \u00eentelege orice persoan\u0103 fizic\u0103 sau juridic\u0103 care va accesa pagina. Pute\u021bi copia \u0219i tip\u0103ri con\u021binutul paginii XDRONES.RO pentru folosin\u021ba dumneavoastr\u0103 personal\u0103, f\u0103r\u0103 inten\u021bii comerciale. \u00cen orice alte situa\u021bii, con\u021binutul XDRONES.RO nu poate fi reprodus, modificat sau exploatat f\u0103r\u0103 consim\u021b\u0103m\u00e2ntul explicit al reprezentan\u021bilor XDRONES.RO.<\/p>\n<p>&nbsp;<\/p>\n<p><b>NEANGAJAREA R\u0102SPUNDERII<\/b><\/p>\n<p>Con\u021binutul informa\u021biilor se refer\u0103 la descrierea \u00eentr-un anumit grad de detaliere a activit\u0103\u021bilor, produselor \u0219i serviciilor SPACE X DRONES SRL. SPACE X DRONES SRL nu va acord\u0103 nici o garan\u021bie referitoare la:- evitarea utiliz\u0103rii anevoioase sau \u00eentreruperii \u00een utilizare a site-ului;- neafectarea \u00een sens negativ a altor sisteme prin utilizarea site-ului;- inexisten\u021ba pe site-ul pus la dispozi\u021bie a viru\u0219ilor sau alte componente care ar putea dauna utilizatorilor.Astfel, SPACE X DRONES SRL nu poate fi responsabil\u0103 pentru nici un fel de daune directe sau indirecte produse prin utilizarea site-ului sau.Toate informa\u021biile prezentate pe site cu privire la produsele XDRONES.RO, pre\u021buri, informa\u021bii, campanii \u0219i promo\u021bii de marketing, aspecte tehnice, sunt prezentate cu titlu informativ. Nimic din con\u021binutul site-ului XDRONES.RO nu poate constitui o oferta ferm\u0103 de a contracta \u0219i nu poate angaja r\u0103spunderea SPACE X DRONES SRL \u00een lipsa unor acorduri ulterioare.Con\u021binutul paginii web XDRONES.RO, a informa\u021biilor \u0219i a altor materiale prezentate de Comunitatea XDRONES.RO nu reprezint\u0103 o consulta\u021bie juridic\u0103 \u00een sensul Legii nr. 51\/1995.GDPR este un set de reguli bazat pe principii complexe, care este deschis la interpretare \u0219i cotine, de asemenea, numeroase domenii \u00een care statele membre sunt invitate s\u0103 intervin\u0103. \u00cen prezent exist\u0103 foarte pu\u021bine \u00eendrumari cu privire la implementarea GDPR \u0219i este posibil c\u0103 Autorit\u0103\u021bile de Supraveghere s\u0103 aib\u0103 puncte de vedere diferite fa\u021b\u0103 de cele exprimate \u00een acest \u0219ablon. \u00cen ciuda eforturilor noastre de a oferi cele mai bune servicii, nu putem anticipa cu exactitate modul \u00een care Autoritatea de Supraveghere sau instan\u021bele de judecat\u0103 vor interpreta Regulamentul.XDRONES.RO nu face nicio declara\u021bie, promisiune sau garan\u021bie cu privire la exactitatea, exhaustivitatea sau caracterul adecvat al prezentului con\u021binut, al \u00eendrumarilor \u0219i a consultan\u021bei, nu \u00ee\u0219i asum\u0103 nicio obliga\u021bie de rezultat sau diligen\u021b\u0103 fa\u021b\u0103 de nicio persoan\u0103, exclud \u00een mod expres \u0219i neag\u0103 r\u0103spunderea pentru orice cost, pierdere sau daunele suferite c\u0103 urmare a utiliz\u0103rii con\u021binutului.<\/p>\n<p>&nbsp;<\/p>\n<p><b>OBIECTIVUL CON\u021aINUTULUI SITE-ULUI<\/b><\/p>\n<p>Obiectivul con\u021binutului site-ului este de a transmite informa\u021bii actualizate \u0219i exacte.SPACE X DRONES SRL nu poate garanta c\u0103 prezen\u021bele pagini nu con\u021b\u00een erori, \u0219i asigura c\u0103 va depune toate diligen\u021bele pentru realizarea unei inform\u0103ri corecte \u0219i remedierea eventualelor erori.Orice persoan\u0103 care dore\u0219te s\u0103-\u0219i procure unul din serviciile sau produsele prezentate \u00een site este rugat\u0103 s\u0103 contacteze SPACE X DRONES SRL prin unul din mijloacele afi\u0219ate \u00een pagina de Contact a site-ului, pentru a se informa at\u00e2t asupra disponibilit\u0103\u021bii serviciului sau produsului \u00een cauz\u0103 c\u00e2t \u0219i asupra condi\u021biilor contractuale, tarifelor \u0219i informa\u021biilor tehnice sau de alt\u0103 natur\u0103.<\/p>\n<p>&nbsp;<\/p>\n<p><b>INFORMA\u021aII PERSONALE<\/b><\/p>\n<p>C\u00e2nd prin intermediul prezentului\u00a0site\u00a0v\u0103 sunt solicitate informa\u021bii, aceasta are ca scop identificarea dumneavoastr\u0103 sau posibilitatea de a va contacta. Acest lucru este cu at\u00e2t mai necesar \u00een cazul folosirii aplic\u0103\u021biilor disponibile pe site.Natura informa\u021biilor solicitate se refer\u0103 \u00een special la date personale (nume, adres\u0103, numere de telefon), adresa de e-mail, modul \u00een care sunt utilizate sau inten\u021bioneaz\u0103 s\u0103 fie utilizate produsele \u0219i\/sau serviciile SPACE X DRONES SRL, dar poate include \u0219i alte informa\u021bii aflate \u00een str\u00e2nsa leg\u0103tur\u0103 cu utilizarea serviciilor \u0219i\/sau produselor solicitate.Cu scopul de a r\u0103spunde mai bine nevoilor \u0219i \u00eentrebarilor utilizatorilor site-ului, informa\u021biile solicitate prin intermediul acestui site vor face obiectul unei stoc\u0103ri \u0219i prelucr\u0103ri electronice.<\/p>\n<p>&nbsp;<\/p>\n<p><b>LEG\u0102TURA CU ALTE SITE-URI<\/b><\/p>\n<p>Prezentul site poate con\u021bine leg\u0103turi sau trimiteri c\u0103tre alte site-uri considerate de SPACE X DRONES SRL utile \u00een leg\u0103tur\u0103 cu con\u021binutul site-ului sau \u0219i care nu se afl\u0103 sub controlul sau \u00eendrumarea sa. \u00cen cazul utiliz\u0103rii acestor leg\u0103turi sau trimiteri se vor aplic\u0103 condi\u021biile generale de utilizare corespunz\u0103toare acelor site-uri.SPACE X DRONES SRL nu poate garanta\/controla actualitatea\/exactitatea informa\u021biilor prezente pe site-urile unor ter\u021bi, la care se face trimitere de pe site-ul s\u0103u.<\/p>\n<p>&nbsp;<\/p>\n<p><b>INFORMA\u021aIILE OFERITE PRIN INTERMEDIUL SITE-ULUI<\/b><\/p>\n<p>Orice persoan\u0103 care viziteaz\u0103 site-ul XDRONES.RO \u0219i care ofer\u0103 date sau informa\u021bii cu caracter personal prin intermediul acestui site \u00ee\u0219i manifest\u0103 acordul \u00een mod expres \u0219i neechivoc pentru urm\u0103toarele: prelucrarea acestor date \u0219i informa\u021bii personale de c\u0103tre SPACE X DRONES SRL; transmiterii de materiale promo\u021bionale specifice opera\u021biunilor de marketing direct; solu\u021bionarea de c\u0103tre SRL. a cererilor, \u00eentrebarilor \u0219i reclama\u021biilor adresate (a se vedea pagina Contact din site); alte activit\u0103\u021bi \u00eentreprinse de SPACE X DRONES SRL \u0219i permise de lege, ce nu fac obiectul unei aprob\u0103ri din partea destinatarului.SPACE X DRONES SRL va p\u0103stra confiden\u021bialitatea acestor informa\u021bii.Utilizarea \u00een continuare a acestui site constituie acordul expres \u0219i neechivoc al dumneavoastr\u0103 \u00een conformitate cu prevederile legii 677\/2001 \u0219i directivelor GDPR pentru protec\u021bia persoanelor cu privire la prelucrarea datelor cu caracter personal \u0219i liber\u0103 circula\u021bie a acestor date.Pentru orice nel\u0103murire \u00een leg\u0103tur\u0103 cu exercitarea drepturilor dumneavoastr\u0103 referitoare la utilizarea site-ului \u0219i la protec\u021bia utiliz\u0103rii va rug\u0103m s\u0103 ne contacta\u021bi prin intermediul sec\u021biunii Contact din site.<\/p>\n<h3>\n\t\tCONTACT\n\t<\/h3>\n\t<iframe src=\"https:\/\/www.google.com\/maps\/embed\/v1\/place?q=Calea+Bucure%C8%99tilor+224E%2C+Otopeni&#038;key=AIzaSyD09zQ9PNDNNy9TadMuzRV_UsPUoWKntt8\" aria-hidden=\"true\"><\/iframe>","protected":false},"excerpt":{"rendered":"<p>Condi\u021bii Generale pentru utilizarea site-ului XDRONES.RO\u00a0ACCEPTAREA CONDI\u021aIILOR Prin accesarea acestui site web \u0219i\/sau a oric\u0103rei pagini a acestuia sunte\u021bi de acord cu aceste condi\u021bii de utilizare. Dac\u0103 nu sunte\u021bi de acord cu ace\u0219ti termeni \u0219i condi\u021bii de utilizare, nu accesa\u021bi acest site. &nbsp; DESCRIEREA SERVICIILOR Siteul nostru v\u0103 pune la dispozi\u021bie informa\u021biile din acest site [&hellip;]<\/p>","protected":false},"author":1,"featured_media":0,"parent":0,"menu_order":0,"comment_status":"closed","ping_status":"closed","template":"","meta":{"site-sidebar-layout":"default","site-content-layout":"","ast-site-content-layout":"","site-content-style":"default","site-sidebar-style":"default","ast-global-header-display":"","ast-banner-title-visibility":"","ast-main-header-display":"","ast-hfb-above-header-display":"","ast-hfb-below-header-display":"","ast-hfb-mobile-header-display":"","site-post-title":"","ast-breadcrumbs-content":"","ast-featured-img":"","footer-sml-layout":"","theme-transparent-header-meta":"","adv-header-id-meta":"","stick-header-meta":"","header-above-stick-meta":"","header-main-stick-meta":"","header-below-stick-meta":"","astra-migrate-meta-layouts":"default","ast-page-background-enabled":"default","ast-page-background-meta":{"desktop":{"background-color":"","background-image":"","background-repeat":"repeat","background-position":"center center","background-size":"auto","background-attachment":"scroll","background-type":"","background-media":"","overlay-type":"","overlay-color":"","overlay-opacity":"","overlay-gradient":""},"tablet":{"background-color":"","background-image":"","background-repeat":"repeat","background-position":"center center","background-size":"auto","background-attachment":"scroll","background-type":"","background-media":"","overlay-type":"","overlay-color":"","overlay-opacity":"","overlay-gradient":""},"mobile":{"background-color":"","background-image":"","background-repeat":"repeat","background-position":"center center","background-size":"auto","background-attachment":"scroll","background-type":"","background-media":"","overlay-type":"","overlay-color":"","overlay-opacity":"","overlay-gradient":""}},"ast-content-background-meta":{"desktop":{"background-color":"var(--ast-global-color-5)","background-image":"","background-repeat":"repeat","background-position":"center center","background-size":"auto","background-attachment":"scroll","background-type":"","background-media":"","overlay-type":"","overlay-color":"","overlay-opacity":"","overlay-gradient":""},"tablet":{"background-color":"var(--ast-global-color-5)","background-image":"","background-repeat":"repeat","background-position":"center center","background-size":"auto","background-attachment":"scroll","background-type":"","background-media":"","overlay-type":"","overlay-color":"","overlay-opacity":"","overlay-gradient":""},"mobile":{"background-color":"var(--ast-global-color-5)","background-image":"","background-repeat":"repeat","background-position":"center center","background-size":"auto","background-attachment":"scroll","background-type":"","background-media":"","overlay-type":"","overlay-color":"","overlay-opacity":"","overlay-gradient":""}},"footnotes":""},"class_list":["post-56","page","type-page","status-publish","hentry"],"aioseo_notices":[],"_links":{"self":[{"href":"https:\/\/xdrones.ro\/en\/wp-json\/wp\/v2\/pages\/56","targetHints":{"allow":["GET"]}}],"collection":[{"href":"https:\/\/xdrones.ro\/en\/wp-json\/wp\/v2\/pages"}],"about":[{"href":"https:\/\/xdrones.ro\/en\/wp-json\/wp\/v2\/types\/page"}],"author":[{"embeddable":true,"href":"https:\/\/xdrones.ro\/en\/wp-json\/wp\/v2\/users\/1"}],"replies":[{"embeddable":true,"href":"https:\/\/xdrones.ro\/en\/wp-json\/wp\/v2\/comments?post=56"}],"version-history":[{"count":5,"href":"https:\/\/xdrones.ro\/en\/wp-json\/wp\/v2\/pages\/56\/revisions"}],"predecessor-version":[{"id":77,"href":"https:\/\/xdrones.ro\/en\/wp-json\/wp\/v2\/pages\/56\/revisions\/77"}],"wp:attachment":[{"href":"https:\/\/xdrones.ro\/en\/wp-json\/wp\/v2\/media?parent=56"}],"curies":[{"name":"wp","href":"https:\/\/api.w.org\/{rel}","templated":true}]}}